{"id":7,"date":"2026-03-01T06:41:04","date_gmt":"2026-03-01T05:41:04","guid":{"rendered":"https:\/\/vigorous-merkle.194-56-190-81.plesk.page\/?page_id=7"},"modified":"2026-03-28T12:25:08","modified_gmt":"2026-03-28T11:25:08","slug":"vorstand","status":"publish","type":"page","link":"https:\/\/vigorous-merkle.194-56-190-81.plesk.page\/index.php\/vorstand\/","title":{"rendered":"Vorstand"},"content":{"rendered":"\t\t<div data-elementor-type=\"wp-post\" data-elementor-id=\"7\" class=\"elementor elementor-7\" data-elementor-post-type=\"page\">\n\t\t\t\t<div class=\"elementor-element elementor-element-cfd754f e-flex e-con-boxed magic-button-disabled-no e-con e-parent\" data-id=\"cfd754f\" data-element_type=\"container\" data-e-type=\"container\" data-settings=\"{&quot;background_background&quot;:&quot;classic&quot;}\">\n\t\t\t\t\t<div class=\"e-con-inner\">\n\t\t<div class=\"elementor-element elementor-element-b4af983 e-con-full e-flex magic-button-disabled-no e-con e-child\" data-id=\"b4af983\" data-element_type=\"container\" data-e-type=\"container\" data-settings=\"{&quot;background_background&quot;:&quot;classic&quot;}\">\n\t\t<div class=\"elementor-element elementor-element-0789baa e-con-full e-flex magic-button-disabled-no e-con e-child\" data-id=\"0789baa\" data-element_type=\"container\" data-e-type=\"container\">\n\t\t\t\t<div class=\"elementor-element elementor-element-f9e89b8 elementor-widget elementor-widget-image\" data-id=\"f9e89b8\" data-element_type=\"widget\" data-e-type=\"widget\" data-widget_type=\"image.default\">\n\t\t\t\t\t\t\t\t\t\t\t\t\t\t\t<img decoding=\"async\" src=\"https:\/\/placehold.co\/2400x600\" title=\"\" alt=\"\" loading=\"lazy\" \/>\t\t\t\t\t\t\t\t\t\t\t\t\t\t\t<\/div>\n\t\t\t\t<\/div>\n\t\t<div class=\"elementor-element elementor-element-e1e7e6a e-con-full e-flex magic-button-disabled-no e-con e-child\" data-id=\"e1e7e6a\" data-element_type=\"container\" data-e-type=\"container\">\n\t\t<div class=\"elementor-element elementor-element-551c641 e-con-full e-flex magic-button-disabled-no e-con e-child\" data-id=\"551c641\" data-element_type=\"container\" data-e-type=\"container\">\n\t\t\t\t<div class=\"elementor-element elementor-element-f081cc4 elementor-widget elementor-widget-heading\" data-id=\"f081cc4\" data-element_type=\"widget\" data-e-type=\"widget\" data-widget_type=\"heading.default\">\n\t\t\t\t\t<h2 class=\"elementor-heading-title elementor-size-default\">Vorstand<\/h2>\t\t\t\t<\/div>\n\t\t<div class=\"elementor-element elementor-element-542c061 e-grid e-con-full magic-button-disabled-no e-con e-child\" data-id=\"542c061\" data-element_type=\"container\" data-e-type=\"container\">\n\t\t<div class=\"elementor-element elementor-element-bce297c e-con-full e-flex magic-button-disabled-no e-con e-child\" data-id=\"bce297c\" data-element_type=\"container\" data-e-type=\"container\">\n\t\t\t\t<div class=\"elementor-element elementor-element-59ff702 elementor-widget elementor-widget-heading\" data-id=\"59ff702\" data-element_type=\"widget\" data-e-type=\"widget\" data-widget_type=\"heading.default\">\n\t\t\t\t\t<h3 class=\"elementor-heading-title elementor-size-default\">Priska Moser<\/h3>\t\t\t\t<\/div>\n\t\t\t\t<div class=\"elementor-element elementor-element-a2f6f81 elementor-widget elementor-widget-text-editor\" data-id=\"a2f6f81\" data-element_type=\"widget\" data-e-type=\"widget\" data-widget_type=\"text-editor.default\">\n\t\t\t\t\t\t\t\t\t<p>(Co-Pr\u00e4sidentin)<\/p><p>Obstgartenweg 3<br \/>3270 Aarberg<br \/>Mobile: 078 751 27 71<br \/><a class=\"link\" title=\"\" href=\"mailto:priska.moser2@bluewin.ch\" target=\"_blank\" rel=\"noopener\">priska.moser2@bluewin.ch<\/a><\/p>\t\t\t\t\t\t\t\t<\/div>\n\t\t\t\t<\/div>\n\t\t<div class=\"elementor-element elementor-element-e7c2d33 e-con-full e-flex magic-button-disabled-no e-con e-child\" data-id=\"e7c2d33\" data-element_type=\"container\" data-e-type=\"container\">\n\t\t\t\t<div class=\"elementor-element elementor-element-5b6f731 elementor-widget elementor-widget-heading\" data-id=\"5b6f731\" data-element_type=\"widget\" data-e-type=\"widget\" data-widget_type=\"heading.default\">\n\t\t\t\t\t<h3 class=\"elementor-heading-title elementor-size-default\">Annelise Peter<\/h3>\t\t\t\t<\/div>\n\t\t\t\t<div class=\"elementor-element elementor-element-54e9d5b elementor-widget elementor-widget-text-editor\" data-id=\"54e9d5b\" data-element_type=\"widget\" data-e-type=\"widget\" data-widget_type=\"text-editor.default\">\n\t\t\t\t\t\t\t\t\t<p>(Co-Pr\u00e4sidentin)<br \/>Bernstrasse 10a<br \/>3270 Aarberg<br \/>Mobile: 079 480 83 85<br \/><a class=\"link\" title=\"\" href=\"mailto:annelise.peter@besonet.ch\" target=\"_blank\" rel=\"noopener\">annelise.peter@besonet.ch<\/a><\/p>\t\t\t\t\t\t\t\t<\/div>\n\t\t\t\t<\/div>\n\t\t<div class=\"elementor-element elementor-element-a226c07 e-con-full e-flex magic-button-disabled-no e-con e-child\" data-id=\"a226c07\" data-element_type=\"container\" data-e-type=\"container\">\n\t\t\t\t<div class=\"elementor-element elementor-element-5a02287 elementor-widget elementor-widget-heading\" data-id=\"5a02287\" data-element_type=\"widget\" data-e-type=\"widget\" data-widget_type=\"heading.default\">\n\t\t\t\t\t<h3 class=\"elementor-heading-title elementor-size-default\">Therese K\u00e4ser<\/h3>\t\t\t\t<\/div>\n\t\t\t\t<div class=\"elementor-element elementor-element-c6648b6 elementor-widget elementor-widget-text-editor\" data-id=\"c6648b6\" data-element_type=\"widget\" data-e-type=\"widget\" data-widget_type=\"text-editor.default\">\n\t\t\t\t\t\t\t\t\t<p>(Finanzen)<br \/>Scheuerackerweg 12<br \/>3270 Aarberg<br \/>Mobile: 079 678 52 16<br \/><a class=\"link\" title=\"\" href=\"mailto:therese.kaeser@ewanet.ch\" target=\"_blank\" rel=\"noopener\">therese.kaeser@ewanet.ch<\/a><\/p>\t\t\t\t\t\t\t\t<\/div>\n\t\t\t\t<\/div>\n\t\t<div class=\"elementor-element elementor-element-a2fd177 e-con-full e-flex magic-button-disabled-no e-con e-child\" data-id=\"a2fd177\" data-element_type=\"container\" data-e-type=\"container\">\n\t\t\t\t<div class=\"elementor-element elementor-element-534280f elementor-widget elementor-widget-heading\" data-id=\"534280f\" data-element_type=\"widget\" data-e-type=\"widget\" data-widget_type=\"heading.default\">\n\t\t\t\t\t<h3 class=\"elementor-heading-title elementor-size-default\">Erika Peter-Grimm<\/h3>\t\t\t\t<\/div>\n\t\t\t\t<div class=\"elementor-element elementor-element-cfe8123 elementor-widget elementor-widget-text-editor\" data-id=\"cfe8123\" data-element_type=\"widget\" data-e-type=\"widget\" data-widget_type=\"text-editor.default\">\n\t\t\t\t\t\t\t\t\t<p>(Beisitz\/Chlousem\u00e4rit)<br \/>Bernstrasse 10a<br \/>3270 Aarberg<br \/>Mobile: 078 624 81 16<br \/><a class=\"link\" title=\"\" href=\"mailto:erika_peter@outlook.com\" target=\"_blank\" rel=\"noopener\">erika_peter@outlook.com<\/a><\/p>\t\t\t\t\t\t\t\t<\/div>\n\t\t\t\t<\/div>\n\t\t<div class=\"elementor-element elementor-element-6928abe e-con-full e-flex magic-button-disabled-no e-con e-child\" data-id=\"6928abe\" data-element_type=\"container\" data-e-type=\"container\">\n\t\t\t\t<div class=\"elementor-element elementor-element-d30e4f8 elementor-widget elementor-widget-heading\" data-id=\"d30e4f8\" data-element_type=\"widget\" data-e-type=\"widget\" data-widget_type=\"heading.default\">\n\t\t\t\t\t<h3 class=\"elementor-heading-title elementor-size-default\">Margrit Jaberg<\/h3>\t\t\t\t<\/div>\n\t\t\t\t<div class=\"elementor-element elementor-element-0926b43 elementor-widget elementor-widget-text-editor\" data-id=\"0926b43\" data-element_type=\"widget\" data-e-type=\"widget\" data-widget_type=\"text-editor.default\">\n\t\t\t\t\t\t\t\t\t<p>(Einkauf, Reisen)<br \/>Tannenweg 4<br \/>3270 Aarberg<br \/>Mobile: 079 716 87 61<br \/><a class=\"link\" title=\"\" href=\"mailto:margritjaberg@ewanet.ch\" target=\"_blank\" rel=\"noopener\">margritjaberg@ewanet.ch<\/a><\/p>\t\t\t\t\t\t\t\t<\/div>\n\t\t\t\t<\/div>\n\t\t<div class=\"elementor-element elementor-element-0c40099 e-con-full e-flex magic-button-disabled-no e-con e-child\" data-id=\"0c40099\" data-element_type=\"container\" data-e-type=\"container\">\n\t\t\t\t<div class=\"elementor-element elementor-element-7d4b510 elementor-widget elementor-widget-heading\" data-id=\"7d4b510\" data-element_type=\"widget\" data-e-type=\"widget\" data-widget_type=\"heading.default\">\n\t\t\t\t\t<h3 class=\"elementor-heading-title elementor-size-default\">Sandra Stebler<\/h3>\t\t\t\t<\/div>\n\t\t\t\t<div class=\"elementor-element elementor-element-50cd063 elementor-widget elementor-widget-text-editor\" data-id=\"50cd063\" data-element_type=\"widget\" data-e-type=\"widget\" data-widget_type=\"text-editor.default\">\n\t\t\t\t\t\t\t\t\t<p>(Beisitz, Elterngeschenke)<br \/>Bielstrasse 5<br \/>3270 Aarberg<br \/>Mobile: 079 461 44 65<br \/><a class=\"link\" title=\"\" href=\"mailto:sandra.stebler@ewanet.ch\" target=\"_blank\" rel=\"noopener\">sandra.stebler@ewanet.ch<\/a><\/p>\t\t\t\t\t\t\t\t<\/div>\n\t\t\t\t<\/div>\n\t\t<div class=\"elementor-element elementor-element-2049432 e-con-full e-flex magic-button-disabled-no e-con e-child\" data-id=\"2049432\" data-element_type=\"container\" data-e-type=\"container\">\n\t\t\t\t<div class=\"elementor-element elementor-element-9786f37 elementor-widget elementor-widget-heading\" data-id=\"9786f37\" data-element_type=\"widget\" data-e-type=\"widget\" data-widget_type=\"heading.default\">\n\t\t\t\t\t<h3 class=\"elementor-heading-title elementor-size-default\">Angela Sch\u00e4tti<\/h3>\t\t\t\t<\/div>\n\t\t\t\t<div class=\"elementor-element elementor-element-728817a elementor-widget elementor-widget-text-editor\" data-id=\"728817a\" data-element_type=\"widget\" data-e-type=\"widget\" data-widget_type=\"text-editor.default\">\n\t\t\t\t\t\t\t\t\t<p>(Beisitz)<br \/>Bielstrasse 2<br \/>3237 Br\u00fcttelen<br \/>Mobile: 079 395 67 92<br \/><a class=\"link\" title=\"\" href=\"mailto:estreja87@bluewin.ch\" target=\"_blank\" rel=\"noopener\">estreja87@bluewin.ch<\/a><\/p>\t\t\t\t\t\t\t\t<\/div>\n\t\t\t\t<\/div>\n\t\t<div class=\"elementor-element elementor-element-64038a2 e-con-full e-flex magic-button-disabled-no e-con e-child\" data-id=\"64038a2\" data-element_type=\"container\" data-e-type=\"container\">\n\t\t\t\t<div class=\"elementor-element elementor-element-d12d8bc elementor-widget elementor-widget-heading\" data-id=\"d12d8bc\" data-element_type=\"widget\" data-e-type=\"widget\" data-widget_type=\"heading.default\">\n\t\t\t\t\t<h3 class=\"elementor-heading-title elementor-size-default\">Daniela Sch\u00e4tti<\/h3>\t\t\t\t<\/div>\n\t\t\t\t<div class=\"elementor-element elementor-element-3d1ed69 elementor-widget elementor-widget-text-editor\" data-id=\"3d1ed69\" data-element_type=\"widget\" data-e-type=\"widget\" data-widget_type=\"text-editor.default\">\n\t\t\t\t\t\t\t\t\t<p>(Beisitz)<br \/>G\u00e4ssli 5<br \/>3283 Kallnach<br \/>Mobile: 079 469 30 41<br \/><a class=\"link\" title=\"\" href=\"mailto:elaschaetti@gmail.com\" target=\"_blank\" rel=\"noopener\">elaschaetti@gmail.com<\/a><\/p>\t\t\t\t\t\t\t\t<\/div>\n\t\t\t\t<\/div>\n\t\t<div class=\"elementor-element elementor-element-f546afe e-con-full e-flex magic-button-disabled-no e-con e-child\" data-id=\"f546afe\" data-element_type=\"container\" data-e-type=\"container\">\n\t\t\t\t<div class=\"elementor-element elementor-element-26bf6b1 elementor-widget elementor-widget-heading\" data-id=\"26bf6b1\" data-element_type=\"widget\" data-e-type=\"widget\" data-widget_type=\"heading.default\">\n\t\t\t\t\t<h3 class=\"elementor-heading-title elementor-size-default\">Sarah Trachsel<\/h3>\t\t\t\t<\/div>\n\t\t\t\t<div class=\"elementor-element elementor-element-5e15a1d elementor-widget elementor-widget-text-editor\" data-id=\"5e15a1d\" data-element_type=\"widget\" data-e-type=\"widget\" data-widget_type=\"text-editor.default\">\n\t\t\t\t\t\t\t\t\t<p>(Brockenstube)<br \/>Amselweg 11<br \/>3270 Aarberg<br \/>Mobile: 076 527 68 98<br \/><a class=\"link\" title=\"\" href=\"mailto:sarah.trachsel@bluewin.ch\" target=\"_blank\" rel=\"noopener\">sarah.trachsel@bluewin.ch<\/a><\/p>\t\t\t\t\t\t\t\t<\/div>\n\t\t\t\t<\/div>\n\t\t<div class=\"elementor-element elementor-element-fbe449f e-con-full e-flex magic-button-disabled-no e-con e-child\" data-id=\"fbe449f\" data-element_type=\"container\" data-e-type=\"container\">\n\t\t\t\t<div class=\"elementor-element elementor-element-57617c8 elementor-widget elementor-widget-heading\" data-id=\"57617c8\" data-element_type=\"widget\" data-e-type=\"widget\" data-widget_type=\"heading.default\">\n\t\t\t\t\t<h3 class=\"elementor-heading-title elementor-size-default\">Nicole Wallimann<\/h3>\t\t\t\t<\/div>\n\t\t\t\t<div class=\"elementor-element elementor-element-78c9103 elementor-widget elementor-widget-text-editor\" data-id=\"78c9103\" data-element_type=\"widget\" data-e-type=\"widget\" data-widget_type=\"text-editor.default\">\n\t\t\t\t\t\t\t\t\t<p>(Brockenstube)<br \/>Tannenweg 6<br \/>3270 Aarberg<br \/>Mobile: 078 721 31 20<br \/><a class=\"link\" title=\"\" href=\"mailto:nicole.wallimann@sunrise.ch\" target=\"_blank\" rel=\"noopener\">nicole.wallimann@sunrise.ch<\/a><\/p>\t\t\t\t\t\t\t\t<\/div>\n\t\t\t\t<\/div>\n\t\t\t\t<\/div>\n\t\t\t\t<\/div>\n\t\t\t\t<\/div>\n\t\t\t\t<\/div>\n\t\t\t\t\t<\/div>\n\t\t\t\t<\/div>\n\t\t\t\t<\/div>\n\t\t","protected":false},"excerpt":{"rendered":"<p>Vorstand Priska Moser (Co-Pr\u00e4sidentin) Obstgartenweg 33270 AarbergMobile: 078 751 27 71priska.moser2@bluewin.ch Annelise Peter (Co-Pr\u00e4sidentin)Bernstrasse 10a3270 AarbergMobile: 079 480 83 85annelise.peter@besonet.ch Therese K\u00e4ser (Finanzen)Scheuerackerweg 123270 AarbergMobile: 079 678 52 16therese.kaeser@ewanet.ch Erika Peter-Grimm (Beisitz\/Chlousem\u00e4rit)Bernstrasse 10a3270 AarbergMobile: 078 624 81 16erika_peter@outlook.com Margrit Jaberg (Einkauf, Reisen)Tannenweg 43270 AarbergMobile: 079 716 87 61margritjaberg@ewanet.ch Sandra Stebler (Beisitz, Elterngeschenke)Bielstrasse 53270 AarbergMobile: 079 [&hellip;]<\/p>\n","protected":false},"author":1,"featured_media":0,"parent":0,"menu_order":0,"comment_status":"closed","ping_status":"closed","template":"","meta":{"footnotes":""},"class_list":["post-7","page","type-page","status-publish","hentry"],"_links":{"self":[{"href":"https:\/\/vigorous-merkle.194-56-190-81.plesk.page\/index.php\/wp-json\/wp\/v2\/pages\/7","targetHints":{"allow":["GET"]}}],"collection":[{"href":"https:\/\/vigorous-merkle.194-56-190-81.plesk.page\/index.php\/wp-json\/wp\/v2\/pages"}],"about":[{"href":"https:\/\/vigorous-merkle.194-56-190-81.plesk.page\/index.php\/wp-json\/wp\/v2\/types\/page"}],"author":[{"embeddable":true,"href":"https:\/\/vigorous-merkle.194-56-190-81.plesk.page\/index.php\/wp-json\/wp\/v2\/users\/1"}],"replies":[{"embeddable":true,"href":"https:\/\/vigorous-merkle.194-56-190-81.plesk.page\/index.php\/wp-json\/wp\/v2\/comments?post=7"}],"version-history":[{"count":16,"href":"https:\/\/vigorous-merkle.194-56-190-81.plesk.page\/index.php\/wp-json\/wp\/v2\/pages\/7\/revisions"}],"predecessor-version":[{"id":67,"href":"https:\/\/vigorous-merkle.194-56-190-81.plesk.page\/index.php\/wp-json\/wp\/v2\/pages\/7\/revisions\/67"}],"wp:attachment":[{"href":"https:\/\/vigorous-merkle.194-56-190-81.plesk.page\/index.php\/wp-json\/wp\/v2\/media?parent=7"}],"curies":[{"name":"wp","href":"https:\/\/api.w.org\/{rel}","templated":true}]}}